{"id":67,"date":"2011-07-08T22:11:39","date_gmt":"2011-07-08T20:11:39","guid":{"rendered":"http:\/\/www.teatr-gorzow.pl\/bip\/?page_id=67"},"modified":"2025-02-18T13:51:57","modified_gmt":"2025-02-18T12:51:57","slug":"redakcja-biuletynu","status":"publish","type":"page","link":"http:\/\/bip.teatr-gorzow.pl\/index.php\/informacja-o-biuletynie\/redakcja-biuletynu","title":{"rendered":"Redakcja biuletynu"},"content":{"rendered":"<p>Redakcja strony BIP:<br \/>\nEwa Kunicka<\/p>\n<p>&nbsp;<\/p>\n<p>Podmiot udost\u0119pniaj\u0105cy\u00a0\u00a0\u00a0\u00a0\u00a0\u00a0\u00a0\u00a0\u00a0\u00a0\u00a0\u00a0\u00a0\u00a0\u00a0\u00a0\u00a0\u00a0 Teatr im. Juliusza Osterwy w Gorzowie Wlkp.<\/p>\n<p>Osoba odpowiadaj\u0105ca za tre\u015b\u0107\u00a0\u00a0\u00a0\u00a0\u00a0\u00a0\u00a0\u00a0 Anna Jankowska<\/p>\n<p>Osoba, kt\u00f3ra wprowadzi\u0142a dane\u00a0\u00a0\u00a0\u00a0\u00a0\u00a0 Ewa Kunicka<\/p>\n<p>Data udost\u0119pnienia informacji\u00a0\u00a0\u00a0\u00a0\u00a0\u00a0 \u00a0\u00a015-07-2011<\/p>\n<p>Strona internetowa\u00a0\u00a0\u00a0\u00a0\u00a0\u00a0\u00a0 \u00a0\u00a0\u00a0\u00a0\u00a0\u00a0\u00a0\u00a0\u00a0\u00a0\u00a0\u00a0\u00a0\u00a0\u00a0\u00a0\u00a0\u00a0\u00a0<a href=\"http:\/\/www.teatr-gorzow.pl\/\">www.teatr-gorzow.pl<\/a><\/p>\n","protected":false},"excerpt":{"rendered":"<p>Redakcja strony BIP: Ewa Kunicka &nbsp; Podmiot udost\u0119pniaj\u0105cy\u00a0\u00a0\u00a0\u00a0\u00a0\u00a0\u00a0\u00a0\u00a0\u00a0\u00a0\u00a0\u00a0\u00a0\u00a0\u00a0\u00a0\u00a0 Teatr im. Juliusza Osterwy w Gorzowie Wlkp. Osoba odpowiadaj\u0105ca za tre\u015b\u0107\u00a0\u00a0\u00a0\u00a0\u00a0\u00a0\u00a0\u00a0 Anna Jankowska Osoba, kt\u00f3ra wprowadzi\u0142a dane\u00a0\u00a0\u00a0\u00a0\u00a0\u00a0 Ewa Kunicka Data udost\u0119pnienia informacji\u00a0\u00a0\u00a0\u00a0\u00a0\u00a0 \u00a0\u00a015-07-2011 Strona internetowa\u00a0\u00a0\u00a0\u00a0\u00a0\u00a0\u00a0 \u00a0\u00a0\u00a0\u00a0\u00a0\u00a0\u00a0\u00a0\u00a0\u00a0\u00a0\u00a0\u00a0\u00a0\u00a0\u00a0\u00a0\u00a0\u00a0www.teatr-gorzow.pl<\/p>\n","protected":false},"author":2,"featured_media":0,"parent":202,"menu_order":2,"comment_status":"closed","ping_status":"closed","template":"","meta":{"footnotes":""},"class_list":["post-67","page","type-page","status-publish","hentry"],"publishpress_future_action":{"enabled":false,"date":"2026-04-25 19:45:51","action":"change-status","newStatus":"draft","terms":[],"taxonomy":""},"publishpress_future_workflow_manual_trigger":{"enabledWorkflows":[]},"_links":{"self":[{"href":"http:\/\/bip.teatr-gorzow.pl\/index.php\/wp-json\/wp\/v2\/pages\/67","targetHints":{"allow":["GET"]}}],"collection":[{"href":"http:\/\/bip.teatr-gorzow.pl\/index.php\/wp-json\/wp\/v2\/pages"}],"about":[{"href":"http:\/\/bip.teatr-gorzow.pl\/index.php\/wp-json\/wp\/v2\/types\/page"}],"author":[{"embeddable":true,"href":"http:\/\/bip.teatr-gorzow.pl\/index.php\/wp-json\/wp\/v2\/users\/2"}],"replies":[{"embeddable":true,"href":"http:\/\/bip.teatr-gorzow.pl\/index.php\/wp-json\/wp\/v2\/comments?post=67"}],"version-history":[{"count":7,"href":"http:\/\/bip.teatr-gorzow.pl\/index.php\/wp-json\/wp\/v2\/pages\/67\/revisions"}],"predecessor-version":[{"id":4125,"href":"http:\/\/bip.teatr-gorzow.pl\/index.php\/wp-json\/wp\/v2\/pages\/67\/revisions\/4125"}],"up":[{"embeddable":true,"href":"http:\/\/bip.teatr-gorzow.pl\/index.php\/wp-json\/wp\/v2\/pages\/202"}],"wp:attachment":[{"href":"http:\/\/bip.teatr-gorzow.pl\/index.php\/wp-json\/wp\/v2\/media?parent=67"}],"curies":[{"name":"wp","href":"https:\/\/api.w.org\/{rel}","templated":true}]}}