{"id":56,"date":"2011-07-07T18:02:45","date_gmt":"2011-07-07T16:02:45","guid":{"rendered":"http:\/\/www.teatr-gorzow.pl\/bip\/?page_id=56"},"modified":"2019-11-27T20:14:57","modified_gmt":"2019-11-27T19:14:57","slug":"struktura-organizacyjna","status":"publish","type":"page","link":"http:\/\/bip.teatr-gorzow.pl\/index.php\/wladze-i-struktura\/struktura-organizacyjna","title":{"rendered":"Struktura organizacyjna"},"content":{"rendered":"<h4 style=\"text-align: left;\"><span class=\"Apple-style-span\" style=\"font-size: 16px; color: #444444; line-height: 24px;\">Teatru im. J. Osterwy w Gorzowie Wlkp.<\/span><\/h4>\n<ul>\n<li>Dyrektor naczelny i artystyczny\n<ul>\n<li>Dzia\u0142 Ksi\u0119gowo\u015bci\n<ul>\n<li>G\u0142\u00f3wny ksi\u0119gowy<\/li>\n<li>Zast\u0119pca g\u0142\u00f3wnego ksi\u0119gowego<\/li>\n<li>Kasjer g\u0142\u00f3wny<\/li>\n<li>Archiwista<\/li>\n<\/ul>\n<\/li>\n<li>Dzia\u0142 Promocji i Obs\u0142ugi Widz\u00f3w\n<ul>\n<li>Kierownik Dzia\u0142u<\/li>\n<li>Zast\u0119pca kierownika DPiOW<\/li>\n<li>Referent d\/s promocji i obs\u0142ugi widz\u00f3w<\/li>\n<li>Referent d\/s obs\u0142ugi widz\u00f3w<\/li>\n<li>Kasjer biletowy<\/li>\n<li>Szatniarki<\/li>\n<li>Bileterki<\/li>\n<\/ul>\n<\/li>\n<li>Dzia\u0142 Administracyjny\n<ul>\n<li>Kierownik dzia\u0142u<\/li>\n<li>Asystent dyrektora, koordynator pracy artystycznej<\/li>\n<li>specjalista d\/s bhp i p.po\u017c<\/li>\n<li>kierowca zaopatrzeniowiec<\/li>\n<\/ul>\n<\/li>\n<li>Dzia\u0142 artystyczny<\/li>\n<li>Dzia\u0142 Techniczny\n<ul>\n<li>Kierownik Dzia\u0142u Technicznego<\/li>\n<li>Monta\u017cy\u015bci<\/li>\n<li>Pracownia akustyczna<\/li>\n<li>Pracownia elektryczna<\/li>\n<li>Pracownia krawiecka<\/li>\n<li>Pracownia plastyczna<\/li>\n<li>Pracownia garderobianych<\/li>\n<li>Pracownia fryzjersko-perukarska<\/li>\n<li>Pracownia stolarska<\/li>\n<li>Rekwizytor<\/li>\n<li>Magazynier<\/li>\n<\/ul>\n<\/li>\n<li>Dzia\u0142 Gospodarczy\n<ul>\n<li>Kierownik dzia\u0142u gospodarczego<\/li>\n<li>konserwatorzy<\/li>\n<li>Portietr<\/li>\n<li>Pracownicy Gospodarczy<\/li>\n<\/ul>\n<\/li>\n<\/ul>\n<\/li>\n<\/ul>\n<p><a href=\"http:\/\/bip.teatr-gorzow.pl\/index.php\/wladze-i-struktura\/struktura-organizacyjna\/schemat-org-t-im-j-osterwy-w-gorz-wlkp\" rel=\"attachment wp-att-3427\"><img loading=\"lazy\" decoding=\"async\" class=\"alignnone wp-image-3427 size-large\" src=\"http:\/\/bip.teatr-gorzow.pl\/wp-content\/uploads\/2011\/07\/Schemat-Org.-T.-im.-J.Osterwy-w-Gorz.Wlkp_.-1024x744.jpg\" alt=\"\" width=\"960\" height=\"698\" srcset=\"http:\/\/bip.teatr-gorzow.pl\/wp-content\/uploads\/2011\/07\/Schemat-Org.-T.-im.-J.Osterwy-w-Gorz.Wlkp_.-1024x744.jpg 1024w, http:\/\/bip.teatr-gorzow.pl\/wp-content\/uploads\/2011\/07\/Schemat-Org.-T.-im.-J.Osterwy-w-Gorz.Wlkp_.-300x218.jpg 300w, http:\/\/bip.teatr-gorzow.pl\/wp-content\/uploads\/2011\/07\/Schemat-Org.-T.-im.-J.Osterwy-w-Gorz.Wlkp_.-768x558.jpg 768w\" sizes=\"auto, (max-width: 960px) 100vw, 960px\" \/><\/a><\/p>\n","protected":false},"excerpt":{"rendered":"<p>Teatru im. J. Osterwy w Gorzowie Wlkp. Dyrektor naczelny i artystyczny Dzia\u0142 Ksi\u0119gowo\u015bci G\u0142\u00f3wny ksi\u0119gowy Zast\u0119pca g\u0142\u00f3wnego ksi\u0119gowego Kasjer g\u0142\u00f3wny Archiwista Dzia\u0142 Promocji i Obs\u0142ugi Widz\u00f3w Kierownik Dzia\u0142u Zast\u0119pca kierownika DPiOW Referent d\/s promocji i obs\u0142ugi widz\u00f3w Referent d\/s obs\u0142ugi &hellip; <a href=\"http:\/\/bip.teatr-gorzow.pl\/index.php\/wladze-i-struktura\/struktura-organizacyjna\">Czytaj dalej <span class=\"meta-nav\">&rarr;<\/span><\/a><\/p>\n","protected":false},"author":2,"featured_media":0,"parent":165,"menu_order":3,"comment_status":"closed","ping_status":"closed","template":"","meta":{"footnotes":""},"class_list":["post-56","page","type-page","status-publish","hentry"],"publishpress_future_action":{"enabled":false,"date":"2026-04-25 19:46:11","action":"change-status","newStatus":"draft","terms":[],"taxonomy":""},"publishpress_future_workflow_manual_trigger":{"enabledWorkflows":[]},"_links":{"self":[{"href":"http:\/\/bip.teatr-gorzow.pl\/index.php\/wp-json\/wp\/v2\/pages\/56","targetHints":{"allow":["GET"]}}],"collection":[{"href":"http:\/\/bip.teatr-gorzow.pl\/index.php\/wp-json\/wp\/v2\/pages"}],"about":[{"href":"http:\/\/bip.teatr-gorzow.pl\/index.php\/wp-json\/wp\/v2\/types\/page"}],"author":[{"embeddable":true,"href":"http:\/\/bip.teatr-gorzow.pl\/index.php\/wp-json\/wp\/v2\/users\/2"}],"replies":[{"embeddable":true,"href":"http:\/\/bip.teatr-gorzow.pl\/index.php\/wp-json\/wp\/v2\/comments?post=56"}],"version-history":[{"count":15,"href":"http:\/\/bip.teatr-gorzow.pl\/index.php\/wp-json\/wp\/v2\/pages\/56\/revisions"}],"predecessor-version":[{"id":3794,"href":"http:\/\/bip.teatr-gorzow.pl\/index.php\/wp-json\/wp\/v2\/pages\/56\/revisions\/3794"}],"up":[{"embeddable":true,"href":"http:\/\/bip.teatr-gorzow.pl\/index.php\/wp-json\/wp\/v2\/pages\/165"}],"wp:attachment":[{"href":"http:\/\/bip.teatr-gorzow.pl\/index.php\/wp-json\/wp\/v2\/media?parent=56"}],"curies":[{"name":"wp","href":"https:\/\/api.w.org\/{rel}","templated":true}]}}