{"id":4238,"date":"2026-01-22T10:14:13","date_gmt":"2026-01-22T09:14:13","guid":{"rendered":"https:\/\/bip.teatr-gorzow.pl\/?page_id=4238"},"modified":"2026-01-22T10:17:25","modified_gmt":"2026-01-22T09:17:25","slug":"2026-2","status":"publish","type":"page","link":"http:\/\/bip.teatr-gorzow.pl\/index.php\/rejestr-wnioskow-o-udostepnienie-informacji-publicznej-wraz-z-odpowiedziami\/2026-2","title":{"rendered":"2026"},"content":{"rendered":"<p>W dniu 8 stycznia 2026 r. wp\u0142yn\u0105\u0142 wniosek o udost\u0119pnienie informacji publicznej dotycz\u0105cej ca\u0142kowitej kwoty wydatk\u00f3w na spektakle go\u015bcinne, wydarzenia specjalne oraz\u00a0 informacji o \u017ar\u00f3d\u0142ach finansowania (dotacje, granty, sponsoring).<\/p>\n<p>W dniu 12 stycznia 2026 r. zosta\u0142a udzielona odpowied\u017a.<\/p>\n<hr \/>\n","protected":false},"excerpt":{"rendered":"<p>W dniu 8 stycznia 2026 r. wp\u0142yn\u0105\u0142 wniosek o udost\u0119pnienie informacji publicznej dotycz\u0105cej ca\u0142kowitej kwoty wydatk\u00f3w na spektakle go\u015bcinne, wydarzenia specjalne oraz\u00a0 informacji o \u017ar\u00f3d\u0142ach finansowania (dotacje, granty, sponsoring). W dniu 12 stycznia 2026 r. zosta\u0142a udzielona odpowied\u017a.<\/p>\n","protected":false},"author":2,"featured_media":0,"parent":4178,"menu_order":0,"comment_status":"closed","ping_status":"closed","template":"","meta":{"footnotes":""},"class_list":["post-4238","page","type-page","status-publish","hentry"],"publishpress_future_action":{"enabled":false,"date":"2026-04-25 20:24:08","action":"change-status","newStatus":"draft","terms":[],"taxonomy":""},"publishpress_future_workflow_manual_trigger":{"enabledWorkflows":[]},"_links":{"self":[{"href":"http:\/\/bip.teatr-gorzow.pl\/index.php\/wp-json\/wp\/v2\/pages\/4238","targetHints":{"allow":["GET"]}}],"collection":[{"href":"http:\/\/bip.teatr-gorzow.pl\/index.php\/wp-json\/wp\/v2\/pages"}],"about":[{"href":"http:\/\/bip.teatr-gorzow.pl\/index.php\/wp-json\/wp\/v2\/types\/page"}],"author":[{"embeddable":true,"href":"http:\/\/bip.teatr-gorzow.pl\/index.php\/wp-json\/wp\/v2\/users\/2"}],"replies":[{"embeddable":true,"href":"http:\/\/bip.teatr-gorzow.pl\/index.php\/wp-json\/wp\/v2\/comments?post=4238"}],"version-history":[{"count":5,"href":"http:\/\/bip.teatr-gorzow.pl\/index.php\/wp-json\/wp\/v2\/pages\/4238\/revisions"}],"predecessor-version":[{"id":4243,"href":"http:\/\/bip.teatr-gorzow.pl\/index.php\/wp-json\/wp\/v2\/pages\/4238\/revisions\/4243"}],"up":[{"embeddable":true,"href":"http:\/\/bip.teatr-gorzow.pl\/index.php\/wp-json\/wp\/v2\/pages\/4178"}],"wp:attachment":[{"href":"http:\/\/bip.teatr-gorzow.pl\/index.php\/wp-json\/wp\/v2\/media?parent=4238"}],"curies":[{"name":"wp","href":"https:\/\/api.w.org\/{rel}","templated":true}]}}