{"id":4182,"date":"2025-02-19T09:05:08","date_gmt":"2025-02-19T08:05:08","guid":{"rendered":"https:\/\/bip.teatr-gorzow.pl\/?page_id=4182"},"modified":"2025-12-09T14:56:58","modified_gmt":"2025-12-09T13:56:58","slug":"2025-2","status":"publish","type":"page","link":"http:\/\/bip.teatr-gorzow.pl\/index.php\/rejestr-wnioskow-o-udostepnienie-informacji-publicznej-wraz-z-odpowiedziami\/2025-2","title":{"rendered":"2025"},"content":{"rendered":"<p>W dniu 30.01.2025 wp\u0142yn\u0105\u0142 wniosek o udzielenie informacji publicznej.<br \/>\nDotyczy\u0142 wsp\u00f3\u0142pracy odno\u015bnie sprzeda\u017cy bilet\u00f3w\u00a0\u00a0 z firm\u0105 Copa.pl oraz MCK.<\/p>\n<p>W dniu 14.02.2025 zosta\u0142a udzielona odpowied\u017a.<\/p>\n<hr \/>\n<p>W dniu 4.03.2025 do Teatru wp\u0142yn\u0105\u0142 z Centrum Zam\u00f3wie\u0144 Publicznych wniosek o udost\u0119pnienie informacji publicznej.<\/p>\n<p>Wniosek dotyczy\u0142 udzielenia informacji odno\u015bnie kar naliczonych do um\u00f3w zawartych w toku prowadzonych post\u0119powa\u0144 od wrze\u015bnia 2024 do lutego 2025.<\/p>\n<p>W dniu 10.03.2025 zosta\u0142a udzielona odpowied\u017a.<\/p>\n<hr \/>\n<p>W dniu 2.09.2025 wp\u0142yn\u0105\u0142 wniosek o udzielenie informacji publicznej.<\/p>\n<p>Wniosek dotyczy\u0142 naliczenia kar za realizacj\u0119 um\u00f3w w ramach zam\u00f3wie\u0144 publicznych.<\/p>\n<p>W dniu 24.09.2025 zosta\u0142a udzielona odpowied\u017a.<\/p>\n<div>\n<hr \/>\n<p>W dniu 1.12.2025 wp\u0142yn\u0105\u0142 wniosek o udzielenie informacji publicznej.<\/p>\n<p>Dotyczy\u0142 wydatkowanej kwoty w ramach zawartej umowy na ochron\u0119 mienia.<\/p>\n<p>W dniu 9.12.2025 zosta\u0142a udzielona odpowied\u017a.<\/p>\n<hr \/>\n<\/div>\n","protected":false},"excerpt":{"rendered":"<p>W dniu 30.01.2025 wp\u0142yn\u0105\u0142 wniosek o udzielenie informacji publicznej. Dotyczy\u0142 wsp\u00f3\u0142pracy odno\u015bnie sprzeda\u017cy bilet\u00f3w\u00a0\u00a0 z firm\u0105 Copa.pl oraz MCK. W dniu 14.02.2025 zosta\u0142a udzielona odpowied\u017a. W dniu 4.03.2025 do Teatru wp\u0142yn\u0105\u0142 z Centrum Zam\u00f3wie\u0144 Publicznych wniosek o udost\u0119pnienie informacji publicznej. &hellip; <a href=\"http:\/\/bip.teatr-gorzow.pl\/index.php\/rejestr-wnioskow-o-udostepnienie-informacji-publicznej-wraz-z-odpowiedziami\/2025-2\">Czytaj dalej <span class=\"meta-nav\">&rarr;<\/span><\/a><\/p>\n","protected":false},"author":2,"featured_media":0,"parent":4178,"menu_order":0,"comment_status":"closed","ping_status":"closed","template":"","meta":{"footnotes":""},"class_list":["post-4182","page","type-page","status-publish","hentry"],"publishpress_future_action":{"enabled":false,"date":"2026-04-25 20:54:26","action":"change-status","newStatus":"draft","terms":[],"taxonomy":""},"publishpress_future_workflow_manual_trigger":{"enabledWorkflows":[]},"_links":{"self":[{"href":"http:\/\/bip.teatr-gorzow.pl\/index.php\/wp-json\/wp\/v2\/pages\/4182","targetHints":{"allow":["GET"]}}],"collection":[{"href":"http:\/\/bip.teatr-gorzow.pl\/index.php\/wp-json\/wp\/v2\/pages"}],"about":[{"href":"http:\/\/bip.teatr-gorzow.pl\/index.php\/wp-json\/wp\/v2\/types\/page"}],"author":[{"embeddable":true,"href":"http:\/\/bip.teatr-gorzow.pl\/index.php\/wp-json\/wp\/v2\/users\/2"}],"replies":[{"embeddable":true,"href":"http:\/\/bip.teatr-gorzow.pl\/index.php\/wp-json\/wp\/v2\/comments?post=4182"}],"version-history":[{"count":6,"href":"http:\/\/bip.teatr-gorzow.pl\/index.php\/wp-json\/wp\/v2\/pages\/4182\/revisions"}],"predecessor-version":[{"id":4202,"href":"http:\/\/bip.teatr-gorzow.pl\/index.php\/wp-json\/wp\/v2\/pages\/4182\/revisions\/4202"}],"up":[{"embeddable":true,"href":"http:\/\/bip.teatr-gorzow.pl\/index.php\/wp-json\/wp\/v2\/pages\/4178"}],"wp:attachment":[{"href":"http:\/\/bip.teatr-gorzow.pl\/index.php\/wp-json\/wp\/v2\/media?parent=4182"}],"curies":[{"name":"wp","href":"https:\/\/api.w.org\/{rel}","templated":true}]}}