{"id":39,"date":"2011-07-08T09:23:23","date_gmt":"2011-07-08T07:23:23","guid":{"rendered":"http:\/\/www.teatr-gorzow.pl\/bip\/?page_id=39"},"modified":"2020-10-24T17:32:07","modified_gmt":"2020-10-24T15:32:07","slug":"informacje-podstawowe","status":"publish","type":"page","link":"http:\/\/bip.teatr-gorzow.pl\/","title":{"rendered":"Informacje podstawowe"},"content":{"rendered":"<p>Teatr im. J. Osterwy w Gorzowie Wlkp.<br \/>\nul. Teatralna 9<br \/>\n66-400 Gorz\u00f3w Wlkp.<\/p>\n<p>Tel. 95 728 99 30 (centrala)<br \/>\nFax 95 728 99 35<\/p>\n<p>e-mail: <a href=\"mailto:kontakt@teatr-gorzow.pl\">kontakt@teatr-gorzow.pl<\/a><br \/>\n<a title=\"Oficjalna strona teatru\" href=\"http:\/\/www.teatr-gorzow.pl\" target=\"_blank\" rel=\"noopener noreferrer\"> www.teatr-gorzow.pl<\/a><\/p>\n<p>Biuro Obs\u0142ugi Widz\u00f3w<br \/>\nTel. 095 728 99 39\/ 40<br \/>\ne-mail: <a href=\"mailto:bow@teatr-gorzow.pl\">bow@teatr-gorzow.pl<\/a><\/p>\n<p>NIP: \u00a0 599 268 68 35<br \/>\nRegon: 211045516<\/p>\n","protected":false},"excerpt":{"rendered":"<p>Teatr im. J. Osterwy w Gorzowie Wlkp. ul. Teatralna 9 66-400 Gorz\u00f3w Wlkp. Tel. 95 728 99 30 (centrala) Fax 95 728 99 35 e-mail: kontakt@teatr-gorzow.pl www.teatr-gorzow.pl Biuro Obs\u0142ugi Widz\u00f3w Tel. 095 728 99 39\/ 40 e-mail: bow@teatr-gorzow.pl NIP: \u00a0 &hellip; <a href=\"http:\/\/bip.teatr-gorzow.pl\/\">Czytaj dalej <span class=\"meta-nav\">&rarr;<\/span><\/a><\/p>\n","protected":false},"author":2,"featured_media":0,"parent":0,"menu_order":1,"comment_status":"closed","ping_status":"closed","template":"","meta":{"footnotes":""},"class_list":["post-39","page","type-page","status-publish","hentry"],"publishpress_future_action":{"enabled":false,"date":"2026-04-25 14:11:08","action":"change-status","newStatus":"draft","terms":[],"taxonomy":""},"publishpress_future_workflow_manual_trigger":{"enabledWorkflows":[]},"_links":{"self":[{"href":"http:\/\/bip.teatr-gorzow.pl\/index.php\/wp-json\/wp\/v2\/pages\/39","targetHints":{"allow":["GET"]}}],"collection":[{"href":"http:\/\/bip.teatr-gorzow.pl\/index.php\/wp-json\/wp\/v2\/pages"}],"about":[{"href":"http:\/\/bip.teatr-gorzow.pl\/index.php\/wp-json\/wp\/v2\/types\/page"}],"author":[{"embeddable":true,"href":"http:\/\/bip.teatr-gorzow.pl\/index.php\/wp-json\/wp\/v2\/users\/2"}],"replies":[{"embeddable":true,"href":"http:\/\/bip.teatr-gorzow.pl\/index.php\/wp-json\/wp\/v2\/comments?post=39"}],"version-history":[{"count":11,"href":"http:\/\/bip.teatr-gorzow.pl\/index.php\/wp-json\/wp\/v2\/pages\/39\/revisions"}],"predecessor-version":[{"id":3853,"href":"http:\/\/bip.teatr-gorzow.pl\/index.php\/wp-json\/wp\/v2\/pages\/39\/revisions\/3853"}],"wp:attachment":[{"href":"http:\/\/bip.teatr-gorzow.pl\/index.php\/wp-json\/wp\/v2\/media?parent=39"}],"curies":[{"name":"wp","href":"https:\/\/api.w.org\/{rel}","templated":true}]}}