{"id":224,"date":"2011-07-09T00:41:38","date_gmt":"2011-07-08T22:41:38","guid":{"rendered":"http:\/\/www.teatr-gorzow.pl\/bip\/?page_id=224"},"modified":"2026-01-16T09:10:07","modified_gmt":"2026-01-16T08:10:07","slug":"wniosek-o-udostepnienie-informacji-publicznej","status":"publish","type":"page","link":"http:\/\/bip.teatr-gorzow.pl\/index.php\/wniosek-o-udostepnienie-informacji-publicznej","title":{"rendered":"Wniosek o udost\u0119pnienie informacji publicznej"},"content":{"rendered":"<p style=\"text-align: justify;\">Informacja publiczna nie zamieszczona na podmiotowej stronie Biuletynu Informacji Publicznej Teatru im. Juliusza Osterwy w Gorzowie Wlkp., mo\u017ce by\u0107 udost\u0119pniona na wniosek, zgodnie z przepisami ustawy z dnia 6 wrze\u015bnia 2001 r. o dost\u0119pie do informacji publicznej (Dz. U. Nr 112.1198)<\/p>\n<h4>Tryb wyst\u0119powania o udost\u0119pnienie informacji publicznej.<\/h4>\n<p>Osoby chc\u0105ce uzyska\u0107 informacj\u0119 z zakresu dzia\u0142ania Teatru, proszone s\u0105 o wype\u0142nienie\u00a0wniosku o udost\u0119pnienie informacji publicznej.<\/p>\n<p><a href=\"https:\/\/bip.teatr-gorzow.pl\/index.php\/wniosek-o-udostepnienie-informacji-publicznej\/wniosek-o-udostepnienie-informacji-publicznej-10\" rel=\"attachment wp-att-4233\">wniosek o udost\u0119pnienie informacji publicznej<\/a><\/p>\n<p>Wype\u0142niony wniosek nale\u017cy przes\u0142a\u0107\u00a0listownie na adres:<\/p>\n<p>Teatr im. Juliusza Osterwy<br \/>\nul. Teatralna 9<br \/>\n66-400 Gorz\u00f3w Wlkp.<strong>\u00a0<\/strong><\/p>\n<p>lub drog\u0105 elektroniczn\u0105:<\/p>\n<p>sekretariat@teatr-gorzow.pl<\/p>\n","protected":false},"excerpt":{"rendered":"<p>Informacja publiczna nie zamieszczona na podmiotowej stronie Biuletynu Informacji Publicznej Teatru im. Juliusza Osterwy w Gorzowie Wlkp., mo\u017ce by\u0107 udost\u0119pniona na wniosek, zgodnie z przepisami ustawy z dnia 6 wrze\u015bnia 2001 r. o dost\u0119pie do informacji publicznej (Dz. U. Nr &hellip; <a href=\"http:\/\/bip.teatr-gorzow.pl\/index.php\/wniosek-o-udostepnienie-informacji-publicznej\">Czytaj dalej <span class=\"meta-nav\">&rarr;<\/span><\/a><\/p>\n","protected":false},"author":2,"featured_media":0,"parent":0,"menu_order":4,"comment_status":"closed","ping_status":"closed","template":"","meta":{"footnotes":""},"class_list":["post-224","page","type-page","status-publish","hentry"],"publishpress_future_action":{"enabled":false,"date":"2026-04-24 16:59:54","action":"change-status","newStatus":"draft","terms":[],"taxonomy":""},"publishpress_future_workflow_manual_trigger":{"enabledWorkflows":[]},"_links":{"self":[{"href":"http:\/\/bip.teatr-gorzow.pl\/index.php\/wp-json\/wp\/v2\/pages\/224","targetHints":{"allow":["GET"]}}],"collection":[{"href":"http:\/\/bip.teatr-gorzow.pl\/index.php\/wp-json\/wp\/v2\/pages"}],"about":[{"href":"http:\/\/bip.teatr-gorzow.pl\/index.php\/wp-json\/wp\/v2\/types\/page"}],"author":[{"embeddable":true,"href":"http:\/\/bip.teatr-gorzow.pl\/index.php\/wp-json\/wp\/v2\/users\/2"}],"replies":[{"embeddable":true,"href":"http:\/\/bip.teatr-gorzow.pl\/index.php\/wp-json\/wp\/v2\/comments?post=224"}],"version-history":[{"count":9,"href":"http:\/\/bip.teatr-gorzow.pl\/index.php\/wp-json\/wp\/v2\/pages\/224\/revisions"}],"predecessor-version":[{"id":4234,"href":"http:\/\/bip.teatr-gorzow.pl\/index.php\/wp-json\/wp\/v2\/pages\/224\/revisions\/4234"}],"wp:attachment":[{"href":"http:\/\/bip.teatr-gorzow.pl\/index.php\/wp-json\/wp\/v2\/media?parent=224"}],"curies":[{"name":"wp","href":"https:\/\/api.w.org\/{rel}","templated":true}]}}