{"id":217,"date":"2011-07-09T00:29:41","date_gmt":"2011-07-08T22:29:41","guid":{"rendered":"http:\/\/www.teatr-gorzow.pl\/bip\/?page_id=217"},"modified":"2025-06-04T10:16:20","modified_gmt":"2025-06-04T08:16:20","slug":"finansowanie-teatru","status":"publish","type":"page","link":"http:\/\/bip.teatr-gorzow.pl\/index.php\/oficjalne-dokumenty\/finansowanie-teatru","title":{"rendered":"Finansowanie teatru"},"content":{"rendered":"<p><strong>Finansowanie teatru<\/strong><\/p>\n<p>Sejmik Wojew\u00f3dztwa Lubuskiego w Zielonej G\u00f3rze z bud\u017cetu samorz\u0105du przyznaje Teatrowi dotacj\u0119 na wydatki statutowe.<\/p>\n<p>Przyznawane dotacje pokry\u0142y koszty funkcjonowania Teatru:<\/p>\n<p><strong>DOTACJE W 2024 r<\/strong>.<\/p>\n<p>Dotacja na bie\u017c\u0105c\u0105 dzia\u0142alno\u015b\u0107 statutow\u0105 Teatru z bud\u017cetu Samorz\u0105du Wojew\u00f3dztwa Lubuskiego w Zielonej G\u00f3rze &#8211; <strong>6.988.138,00<\/strong><\/p>\n<p>w roku 2024 na poziomie 58,11%, pozosta\u0142e 41,89% koszt\u00f3w Teatr pokry\u0142 z wp\u0142yw\u00f3w w\u0142asnych pozyskiwanych ze sprzeda\u017cy bilet\u00f3w na spektakle, sprzeda\u017cy us\u0142ug reklamowych, wynajm\u00f3w pomieszcze\u0144 na organizacj\u0119 zewn\u0119trznych imprez kulturalnych, wynajm\u00f3w pomieszcze\u0144 na dzia\u0142alno\u015b\u0107 gospodarcz\u0105 \u015brodk\u00f3w pochodz\u0105cych od sponsor\u00f3w, dotacji na realizacj\u0119 projekt\u00f3w.<\/p>\n<p><strong>DOTACJE W 2023 r<\/strong>.<\/p>\n<ol>\n<li>Dotacja na bie\u017c\u0105c\u0105 dzia\u0142alno\u015b\u0107 statutow\u0105 Teatru z bud\u017cetu Samorz\u0105du Wojew\u00f3dztwa Lubuskiego w Zielonej G\u00f3rze \u2013<strong> 5.524.814,00<\/strong><\/li>\n<\/ol>\n<p>w roku 2023 na poziomie \u00a061,30%, pozosta\u0142e 38,70% koszt\u00f3w Teatr pokry\u0142 z wp\u0142yw\u00f3w w\u0142asnych pozyskiwanych ze sprzeda\u017cy bilet\u00f3w na spektakle, sprzeda\u017cy us\u0142ug reklamowych, wynajm\u00f3w pomieszcze\u0144 na organizacj\u0119 zewn\u0119trznych imprez kulturalnych, wynajm\u00f3w pomieszcze\u0144 na dzia\u0142alno\u015b\u0107 gospodarcz\u0105, \u015brodk\u00f3w pochodz\u0105cych od sponsor\u00f3w, dotacji na realizacj\u0119 projekt\u00f3w.<\/p>\n<p><strong>DOTACJE W 2022 r<\/strong>.<\/p>\n<ol>\n<li>Dotacja na bie\u017c\u0105c\u0105 dzia\u0142alno\u015b\u0107 statutow\u0105 Teatru z bud\u017cetu Samorz\u0105du Wojew\u00f3dztwa Lubuskiego w Zielonej G\u00f3rze \u2013<strong>5.174.091,00<\/strong><\/li>\n<li>Fundusz Patriotyczny &#8211; <strong>30.900,00<\/strong><\/li>\n<\/ol>\n<p>w roku 2022 \u00a0na poziomie \u00a066,97%, pozosta\u0142e 33,03 % koszt\u00f3w Teatr pokry\u0142 z wp\u0142yw\u00f3w w\u0142asnych pozyskiwanych ze sprzeda\u017cy bilet\u00f3w na spektakle, sprzeda\u017cy us\u0142ug reklamowych, wynajm\u00f3w pomieszcze\u0144 na organizacj\u0119 zewn\u0119trznych imprez kulturalnych, wynajm\u00f3w pomieszcze\u0144 na dzia\u0142alno\u015b\u0107 gospodarcz\u0105, \u015brodk\u00f3w pochodz\u0105cych od sponsor\u00f3w.<\/p>\n<p><strong>DOTACJE W 2021 r<\/strong>.<\/p>\n<ol>\n<li>Dotacja na bie\u017c\u0105c\u0105 dzia\u0142alno\u015b\u0107 statutow\u0105 Teatru z bud\u017cetu Samorz\u0105du Wojew\u00f3dztwa Lubuskiego w Zielonej G\u00f3rze \u2013<strong>4.103.943,00<\/strong><\/li>\n<\/ol>\n<p>w roku 2021 na poziomie \u00a066,96%, pozosta\u0142e 33,04 % koszt\u00f3w Teatr pokry\u0142 z wp\u0142yw\u00f3w w\u0142asnych pozyskiwanych ze sprzeda\u017cy bilet\u00f3w na spektakle, sprzeda\u017cy us\u0142ug reklamowych, wynajm\u00f3w pomieszcze\u0144 na organizacj\u0119 zewn\u0119trznych imprez kulturalnych, wynajm\u00f3w pomieszcze\u0144 na dzia\u0142alno\u015b\u0107 gospodarcz\u0105, \u015brodk\u00f3w pochodz\u0105cych od sponsor\u00f3w.<\/p>\n<p><strong>DOTACJE W 2020 r<\/strong>.<\/p>\n<ol>\n<li>Dotacja na bie\u017c\u0105c\u0105 dzia\u0142alno\u015b\u0107 statutow\u0105 Teatru z bud\u017cetu Samorz\u0105du Wojew\u00f3dztwa Lubuskiego w Zielonej G\u00f3rze \u2013<strong> 4.170.409,00<\/strong><\/li>\n<li>Fundusz Wsparcia Kultury \u2013 COVID 19 \u2013 <strong>365.175,00<\/strong><\/li>\n<li>Kultura w Sieci projekt \u201eMa\u0142a Reduta Osterwy\u201d \u2013 <strong>77.000,00<\/strong><\/li>\n<\/ol>\n<p>-w roku 2020 na poziomie \u00a078,25%, pozosta\u0142e 21,75 % koszt\u00f3w Teatr pokry\u0142 z wp\u0142yw\u00f3w w\u0142asnych pozyskiwanych ze sprzeda\u017cy bilet\u00f3w na spektakle, sprzeda\u017cy us\u0142ug reklamowych, wynajm\u00f3w pomieszcze\u0144 na organizacj\u0119 zewn\u0119trznych imprez kulturalnych, wynajm\u00f3w pomieszcze\u0144 na dzia\u0142alno\u015b\u0107 gospodarcz\u0105, \u015brodk\u00f3w pochodz\u0105cych od sponsor\u00f3w, dotacji na realizacj\u0119 projekt\u00f3w.<\/p>\n<p><strong>DOTACJE W 2019 r<\/strong>.<\/p>\n<ol>\n<li>Dotacja na bie\u017c\u0105c\u0105 dzia\u0142alno\u015b\u0107 statutow\u0105 Teatru z bud\u017cetu Samorz\u0105du Wojew\u00f3dztwa Lubuskiego w Zielonej G\u00f3rze \u2013<strong> 3.909.112,00<\/strong><\/li>\n<li>Dotacja celowa na inwestycje \u2013Rozbudowa Teatru wraz z zagospodarowaniem terenu w ramach Rewitalizacji Teatru im. J. Osterwy w Gorzowie Wielkopolskim &#8211; Etap V \u201eOchrona i zachowanie zasob\u00f3w dziedzictwa kulturowego Teatru im. Juliusza Osterwy w Gorzowie Wielkopolskim na potrzeby rozwoju turystyki\u201d &#8211; Samorz\u0105d Wojew\u00f3dztwa Lubuskiego \u2013 1 966 990,00<\/li>\n<\/ol>\n<p>&#8211; w roku 2019 na poziomie \u00a053,29%, pozosta\u0142e 46,71% koszt\u00f3w Teatr pokry\u0142 z wp\u0142yw\u00f3w w\u0142asnych pozyskiwanych ze sprzeda\u017cy bilet\u00f3w na spektakle, sprzeda\u017cy us\u0142ug reklamowych, wynajm\u00f3w pomieszcze\u0144 na organizacj\u0119 zewn\u0119trznych imprez kulturalnych, wynajm\u00f3w pomieszcze\u0144 na dzia\u0142alno\u015b\u0107 gospodarcz\u0105, \u015brodk\u00f3w pochodz\u0105cych od sponsor\u00f3w.<\/p>\n<p><strong>DOTACJE W 2018 r<\/strong>.<\/p>\n<ol>\n<li>Dotacja na bie\u017c\u0105c\u0105 dzia\u0142alno\u015b\u0107 statutow\u0105 Teatru z bud\u017cetu Samorz\u0105du Wojew\u00f3dztwa Lubuskiego w Zielonej G\u00f3rze \u2013<strong> 3.414.436,00<\/strong><\/li>\n<li>Dotacja celowa na inwestycje \u2013 Rozbudowa Teatru wraz z zagospodarowaniem terenu w ramach Rewitalizacji Teatru im. J. Osterwy w Gorzowie Wielkopolskim &#8211; Etap V \u201eOchrona i zachowanie zasob\u00f3w dziedzictwa kulturowego Teatru im. Juliusza Osterwy w Gorzowie Wielkopolskim na potrzeby rozwoju turystyki\u201d\u2013 Samorz\u0105d Wojew\u00f3dztwa Lubuskiego \u2013 <strong>64.492,00 <\/strong><\/li>\n<li>Dotacja celowa na inwestycje \u2013 Modernizacja instalacji technologicznej kot\u0142owni Teatru im. J. Osterwy w Gorzowie Wlkp. Samorz\u0105d Wojew\u00f3dztwa Lubuskiego \u2013 \u00a0\u00a0\u00a0\u00a0\u00a0<strong>140.000,00<\/strong><\/li>\n<li>Dotacja celowa na inwestycje- Projekt instalacji i monta\u017c telebimu Samorz\u0105d Wojew\u00f3dztwa Lubuskiego \u2013 <strong>35.000,00<\/strong><\/li>\n<\/ol>\n<p>\u2013 w roku 2018 na poziomie \u00a060,77%, pozosta\u0142e 39,23% koszt\u00f3w Teatr pokry\u0142 z wp\u0142yw\u00f3w w\u0142asnych pozyskiwanych ze sprzeda\u017cy bilet\u00f3w na spektakle, sprzeda\u017cy us\u0142ug reklamowych, wynajm\u00f3w pomieszcze\u0144 na organizacj\u0119 zewn\u0119trznych imprez kulturalnych, wynajm\u00f3w pomieszcze\u0144 na dzia\u0142alno\u015b\u0107 gospodarcz\u0105, \u015brodk\u00f3w pochodz\u0105cych od sponsor\u00f3w.<\/p>\n<p><strong>DOTACJE W 2017 r<\/strong>.<\/p>\n<ol>\n<li>Dotacja na bie\u017c\u0105c\u0105 dzia\u0142alno\u015b\u0107 statutow\u0105 Teatru z bud\u017cetu Samorz\u0105du Wojew\u00f3dztwa Lubuskiego w Zielonej G\u00f3rze \u2013<strong> 3.268.739,00<\/strong><\/li>\n<li>Dotacja celowa na inwestycje \u2013 Rozbudowa Teatru wraz z zagospodarowaniem terenu w ramach Rewitalizacji Teatru im. J. Osterwy w Gorzowie Wielkopolskim &#8211; Etap V \u201eOchrona i zachowanie zasob\u00f3w dziedzictwa kulturowego Teatru im. Juliusza Osterwy w Gorzowie Wielkopolskim na potrzeby rozwoju turystyki\u201d \u2013 Samorz\u0105d Wojew\u00f3dztwa Lubuskiego \u2013 <strong>2.000.000,00<\/strong><\/li>\n<li>Dofinansowanie ze \u015brodk\u00f3w MKiDN (Infrastruktura Kultury) zadanie pn. \u201ePoprawa infrastruktury kultury poprzez adaptacje pomieszczenia na ma\u0142\u0105 scen\u0119 sale pr\u00f3b, wyposa\u017cenie technologiczne\u201d <strong>150<\/strong>\u00a0<strong>000,00<\/strong><\/li>\n<\/ol>\n<p>\u2013 w roku 2017 na poziomie \u00a059,84%, pozosta\u0142e 40,16% koszt\u00f3w Teatr pokry\u0142 z wp\u0142yw\u00f3w w\u0142asnych pozyskiwanych ze sprzeda\u017cy bilet\u00f3w na spektakle, sprzeda\u017cy us\u0142ug reklamowych, wynajm\u00f3w pomieszcze\u0144 na organizacj\u0119 zewn\u0119trznych imprez kulturalnych, wynajm\u00f3w pomieszcze\u0144 na dzia\u0142alno\u015b\u0107 gospodarcz\u0105, \u015brodk\u00f3w pochodz\u0105cych od sponsor\u00f3w.<\/p>\n<p><strong>DOTACJE W 2016 r<\/strong>.<\/p>\n<ol>\n<li>Dotacja na bie\u017c\u0105c\u0105 dzia\u0142alno\u015b\u0107 statutow\u0105 Teatru z bud\u017cetu Samorz\u0105du Wojew\u00f3dztwa Lubuskiego w Zielonej G\u00f3rze \u2013<strong> 3.183.640,00<\/strong><\/li>\n<\/ol>\n<ol>\n<li>Dotacja celowa na inwestycje \u2013 rewitalizacja Teatru etap IV \u2013 Samorz\u0105d Wojew\u00f3dztwa Lubuskiego \u2013 <strong>2.000.000,00<\/strong><\/li>\n<li>Dotacja celowa na inwestycje \u2013 remont ogrodzenia Samorz\u0105d Wojew\u00f3dztwa Lubuskiego \u2013<strong>15<\/strong>.\u00a0<strong>000,00<\/strong><\/li>\n<\/ol>\n<p>\u2013 w roku 2016 na poziomie \u00a062,58%, pozosta\u0142e 37,42% koszt\u00f3w Teatr pokry\u0142 z wp\u0142yw\u00f3w w\u0142asnych pozyskiwanych ze sprzeda\u017cy bilet\u00f3w na spektakle, sprzeda\u017cy us\u0142ug reklamowych, wynajm\u00f3w pomieszcze\u0144 na organizacj\u0119 zewn\u0119trznych imprez kulturalnych, wynajm\u00f3w pomieszcze\u0144 na dzia\u0142alno\u015b\u0107 gospodarcz\u0105, \u015brodk\u00f3w pochodz\u0105cych od sponsor\u00f3w.<\/p>\n<p><strong>DOTACJE W 2015 r.<\/strong><\/p>\n<ol>\n<li>Dotacja na bie\u017c\u0105c\u0105 dzia\u0142alno\u015b\u0107 statutow\u0105 Teatru z bud\u017cetu Samorz\u0105du Wojew\u00f3dztwa Lubuskiego w Zielonej G\u00f3rze \u2013<strong> 3.091.429,00<\/strong><\/li>\n<li>Dotacja celowa na inwestycje \u2013 rewitalizacja Teatru etap III (kontynuacja) \u2013 Samorz\u0105d Wojew\u00f3dztwa Lubuskiego \u2013\u00a0<strong>897.000,00<\/strong><\/li>\n<\/ol>\n<p>\u2013 w roku 2015 na poziomie 58,01 %, pozosta\u0142e 41,99% koszt\u00f3w Teatr pokry\u0142 z wp\u0142yw\u00f3w w\u0142asnych pozyskiwanych ze sprzeda\u017cy bilet\u00f3w na spektakle, sprzeda\u017cy us\u0142ug reklamowych, wynajm\u00f3w pomieszcze\u0144 na organizacj\u0119 zewn\u0119trznych imprez kulturalnych, wynajm\u00f3w pomieszcze\u0144 na dzia\u0142alno\u015b\u0107 gospodarcz\u0105, \u015brodk\u00f3w pochodz\u0105cych od sponsor\u00f3w.<\/p>\n<p>&nbsp;<\/p>\n","protected":false},"excerpt":{"rendered":"<p>Finansowanie teatru Sejmik Wojew\u00f3dztwa Lubuskiego w Zielonej G\u00f3rze z bud\u017cetu samorz\u0105du przyznaje Teatrowi dotacj\u0119 na wydatki statutowe. Przyznawane dotacje pokry\u0142y koszty funkcjonowania Teatru: DOTACJE W 2024 r. Dotacja na bie\u017c\u0105c\u0105 dzia\u0142alno\u015b\u0107 statutow\u0105 Teatru z bud\u017cetu Samorz\u0105du Wojew\u00f3dztwa Lubuskiego w Zielonej &hellip; <a href=\"http:\/\/bip.teatr-gorzow.pl\/index.php\/oficjalne-dokumenty\/finansowanie-teatru\">Czytaj dalej <span class=\"meta-nav\">&rarr;<\/span><\/a><\/p>\n","protected":false},"author":2,"featured_media":0,"parent":103,"menu_order":6,"comment_status":"closed","ping_status":"closed","template":"","meta":{"footnotes":""},"class_list":["post-217","page","type-page","status-publish","hentry"],"publishpress_future_action":{"enabled":false,"date":"2026-04-25 19:49:42","action":"change-status","newStatus":"draft","terms":[],"taxonomy":""},"publishpress_future_workflow_manual_trigger":{"enabledWorkflows":[]},"_links":{"self":[{"href":"http:\/\/bip.teatr-gorzow.pl\/index.php\/wp-json\/wp\/v2\/pages\/217","targetHints":{"allow":["GET"]}}],"collection":[{"href":"http:\/\/bip.teatr-gorzow.pl\/index.php\/wp-json\/wp\/v2\/pages"}],"about":[{"href":"http:\/\/bip.teatr-gorzow.pl\/index.php\/wp-json\/wp\/v2\/types\/page"}],"author":[{"embeddable":true,"href":"http:\/\/bip.teatr-gorzow.pl\/index.php\/wp-json\/wp\/v2\/users\/2"}],"replies":[{"embeddable":true,"href":"http:\/\/bip.teatr-gorzow.pl\/index.php\/wp-json\/wp\/v2\/comments?post=217"}],"version-history":[{"count":30,"href":"http:\/\/bip.teatr-gorzow.pl\/index.php\/wp-json\/wp\/v2\/pages\/217\/revisions"}],"predecessor-version":[{"id":4199,"href":"http:\/\/bip.teatr-gorzow.pl\/index.php\/wp-json\/wp\/v2\/pages\/217\/revisions\/4199"}],"up":[{"embeddable":true,"href":"http:\/\/bip.teatr-gorzow.pl\/index.php\/wp-json\/wp\/v2\/pages\/103"}],"wp:attachment":[{"href":"http:\/\/bip.teatr-gorzow.pl\/index.php\/wp-json\/wp\/v2\/media?parent=217"}],"curies":[{"name":"wp","href":"https:\/\/api.w.org\/{rel}","templated":true}]}}