{"id":194,"date":"2011-07-09T00:18:08","date_gmt":"2011-07-08T22:18:08","guid":{"rendered":"http:\/\/www.teatr-gorzow.pl\/bip\/?page_id=194"},"modified":"2011-07-11T13:12:09","modified_gmt":"2011-07-11T11:12:09","slug":"dane-techniczne","status":"publish","type":"page","link":"http:\/\/bip.teatr-gorzow.pl\/index.php\/oficjalne-dokumenty\/dane-techniczne","title":{"rendered":"Dane techniczne"},"content":{"rendered":"<h4>Budynki i lokale teatru<\/h4>\n<table style=\"width: 100%;\" border=\"0\" align=\"left\">\n<tbody>\n<tr>\n<td><strong>Nieruchomo\u015b\u0107:<\/strong><\/td>\n<td><strong>Budynek g\u0142\u00f3wny Teatru<\/strong><\/td>\n<td><strong>Teatr letni<\/strong><\/td>\n<td><strong>Budynek warsztatowo-magazynowy<\/strong><\/td>\n<\/tr>\n<tr>\n<td><strong>W\u0142a\u015bciciel:<\/strong><\/td>\n<td>Samorz\u0105d Wojew\u00f3dztwa Lubuskiego<\/td>\n<td>\u00a0Samorz\u0105d Wojew\u00f3dztwa Lubuskiego<\/td>\n<td>Samorz\u0105d Wojew\u00f3dztwa Lubuskiego<\/td>\n<\/tr>\n<tr>\n<td><strong>Forma w\u0142adania:<\/strong><\/td>\n<td>U\u017cytkowanie wieczyste<\/td>\n<td>U\u017cytkowanie wieczyste<\/td>\n<td>U\u017cytkowanie wieczyste<\/td>\n<\/tr>\n<tr>\n<td><strong>Zabytek:<\/strong><\/td>\n<td>tak<\/td>\n<td>nie<\/td>\n<td>nie<\/td>\n<\/tr>\n<tr>\n<td><strong>Ostatnia modernizacja:<\/strong><\/td>\n<td>2010<\/td>\n<td>2005-2006<\/td>\n<td>&#8212;<\/td>\n<\/tr>\n<tr>\n<td><strong>Nazwy scen:<\/strong><\/td>\n<td>Du\u017ca scena<br \/>\nMa\u0142a scena<\/td>\n<td>Scena kameralna<\/td>\n<td>&#8212;<\/td>\n<\/tr>\n<\/tbody>\n<\/table>\n<h4>\u00a0<span class=\"Apple-style-span\" style=\"color: #000000; font-size: 14px; line-height: 21px;\">Sceny \u2013 widownia<\/span><\/h4>\n<table style=\"width: 100%;\" border=\"1\" cellspacing=\"0\" cellpadding=\"0\" align=\"left\">\n<tbody>\n<tr>\n<td style=\"text-align: left;\" valign=\"top\" width=\"189\"><strong>Nazwa sceny<\/strong><\/td>\n<td style=\"text-align: left;\" valign=\"top\" width=\"131\"><strong>Rodzaj sceny<\/strong><\/td>\n<td style=\"text-align: left;\" valign=\"top\" width=\"152\"><strong>Nominalna liczba miejsc\u00a0na widowni<\/strong><\/td>\n<\/tr>\n<tr>\n<td valign=\"top\" width=\"189\">du\u017ca scena<\/td>\n<td valign=\"top\" width=\"131\">pude\u0142kowa<\/td>\n<td valign=\"top\" width=\"152\">365<\/td>\n<\/tr>\n<tr>\n<td valign=\"top\" width=\"189\">ma\u0142a scena<\/td>\n<td valign=\"top\" width=\"131\">Scena o dowolnej konfiguracji widowni<\/td>\n<td valign=\"top\" width=\"152\">80<\/td>\n<\/tr>\n<tr>\n<td valign=\"top\" width=\"189\">Scena kameralna<\/td>\n<td valign=\"top\" width=\"131\">Scena o dowolnej konfiguracji widowni<\/td>\n<td valign=\"top\" width=\"152\">150<\/td>\n<\/tr>\n<tr>\n<td valign=\"top\" width=\"189\">Scena letnia<br \/>\nplenerowa<\/td>\n<td valign=\"top\" width=\"131\">Scena o dowolnej konfiguracji widowni<\/td>\n<td valign=\"top\" width=\"152\">800<\/td>\n<\/tr>\n<\/tbody>\n<\/table>\n<h4>Wyposa\u017cenie scen:<\/h4>\n<table style=\"width: 100%;\" border=\"0\" cellspacing=\"0\" cellpadding=\"0\" align=\"left\">\n<tbody>\n<tr>\n<td style=\"text-align: left;\" width=\"226\"><strong>Du\u017ca scena<\/strong><\/td>\n<td style=\"text-align: left;\" width=\"193\"><\/td>\n<\/tr>\n<tr>\n<td style=\"text-align: left;\" width=\"226\">przybli\u017cone wymiary<br \/>\npoziome sceny<\/td>\n<td style=\"text-align: left;\" width=\"193\">13m x 13m<\/td>\n<\/tr>\n<tr>\n<td style=\"text-align: left;\" width=\"226\">wysoko\u015b\u0107 sceny<\/td>\n<td style=\"text-align: left;\" width=\"193\">4,8m (12m)<\/td>\n<\/tr>\n<tr>\n<td style=\"text-align: left;\" width=\"226\">rozmiar okna sceny<\/td>\n<td style=\"text-align: left;\" width=\"193\">4,8 x 8,2<\/td>\n<\/tr>\n<tr>\n<td style=\"text-align: left;\" rowspan=\"2\" width=\"226\">urz\u0105dzenia techniczne<\/td>\n<td style=\"text-align: left;\" rowspan=\"2\" width=\"193\">\n<ul>\n<li>elektryczna scena obrotowa \u00f88m<\/li>\n<li>zapadnia sceniczna<\/li>\n<li>19 szt. r\u0119czne wyci\u0105gi (sztankiety)<\/li>\n<li>maszyna do dymu,<\/li>\n<li>MAC300W &#8211; 12 szt.<\/li>\n<li>MAC 250W &#8211;\u00a06 szt.<\/li>\n<li>PC 2000W &#8211; 40 szt.<\/li>\n<li>PAR 64W &#8211; 10 szt.<\/li>\n<li>profile 750W &#8211; 6 szt.<\/li>\n<li>profile 500 W &#8211; 8 szt.<\/li>\n<li>nastawnia LCS 420<\/li>\n<li>stroboskop 250W &#8211; 1 szt.<\/li>\n<li>mikser LX7 &#8211; 32 kana\u0142y<\/li>\n<li>mikser LX7 &#8211; 16 kana\u0142\u00f3w<\/li>\n<li>kolumny g\u0142o\u015bnikowe:<\/li>\n<ul>\n<li>JBL 350W \u2013 6 szt.<\/li>\n<li>kolumny aktywne SLS 300W \u2013 4 szt.<\/li>\n<\/ul>\n<li>wzmacniacz mocy SUNDMEN 2 x 600W \u2013 4 szt.<\/li>\n<li>monitor ods\u0142uchowy JBL 112M \u2013 4 szt.<\/li>\n<li>Mini Disc \u2013 2szt.<\/li>\n<li>odtwarzacz CD \u2013 2 szt.<\/li>\n<li>korektor graficzny &#8211; 1 szt.<\/li>\n<li>kamera pog\u0142osowa LEXICON 550W &#8211; 1 szt.<\/li>\n<li>mikrofon bezprzewodowy FM58 &#8211; 8 szt.<\/li>\n<li>mikrofon bezprzewodowy 2szt.<\/li>\n<li>mikroporty \u2013 8 szt.<\/li>\n<li>Odtwarzacz MD\/CD \u2013 2 szt.<\/li>\n<\/ul>\n<\/td>\n<\/tr>\n<\/tbody>\n<\/table>\n<table style=\"width: 100%;\" border=\"0\" align=\"left\">\n<tbody>\n<tr>\n<td colspan=\"2\"><strong>Scena kameralna (scena letnio-plenerowa)<\/strong><\/td>\n<\/tr>\n<tr>\n<td style=\"text-align: left;\">przybli\u017cone wymiary<br \/>\npoziome sceny<\/td>\n<td style=\"text-align: left;\">8,5 x 13,5 m<\/td>\n<\/tr>\n<tr>\n<td style=\"text-align: left;\">wysoko\u015b\u0107 sceny<\/td>\n<td style=\"text-align: left;\">7m<\/td>\n<\/tr>\n<tr>\n<td style=\"text-align: left;\">rozmiar okna sceny<\/td>\n<td style=\"text-align: left;\">Scena posiada rozsuwane boczne drzwi 8m szer. 5m wysok. po otwarciu funkcjonuje jako scena letnia-plenerowa<\/td>\n<\/tr>\n<tr>\n<td style=\"text-align: left;\">urz\u0105dzenia techniczne<\/td>\n<td style=\"text-align: left;\">\n<ul>\n<li>pulpit ALFA 48<\/li>\n<li>PC 1000W -10 szt.<\/li>\n<li>PC 650W \u2013 4 szt.<\/li>\n<\/ul>\n<\/td>\n<\/tr>\n<\/tbody>\n<\/table>\n","protected":false},"excerpt":{"rendered":"<p>Budynki i lokale teatru Nieruchomo\u015b\u0107: Budynek g\u0142\u00f3wny Teatru Teatr letni Budynek warsztatowo-magazynowy W\u0142a\u015bciciel: Samorz\u0105d Wojew\u00f3dztwa Lubuskiego \u00a0Samorz\u0105d Wojew\u00f3dztwa Lubuskiego Samorz\u0105d Wojew\u00f3dztwa Lubuskiego Forma w\u0142adania: U\u017cytkowanie wieczyste U\u017cytkowanie wieczyste U\u017cytkowanie wieczyste Zabytek: tak nie nie Ostatnia modernizacja: 2010 2005-2006 &#8212; Nazwy &hellip; <a href=\"http:\/\/bip.teatr-gorzow.pl\/index.php\/oficjalne-dokumenty\/dane-techniczne\">Czytaj dalej <span class=\"meta-nav\">&rarr;<\/span><\/a><\/p>\n","protected":false},"author":2,"featured_media":0,"parent":103,"menu_order":5,"comment_status":"closed","ping_status":"closed","template":"","meta":{"footnotes":""},"class_list":["post-194","page","type-page","status-publish","hentry"],"publishpress_future_action":{"enabled":false,"date":"2026-04-25 19:05:14","action":"change-status","newStatus":"draft","terms":[],"taxonomy":""},"publishpress_future_workflow_manual_trigger":{"enabledWorkflows":[]},"_links":{"self":[{"href":"http:\/\/bip.teatr-gorzow.pl\/index.php\/wp-json\/wp\/v2\/pages\/194","targetHints":{"allow":["GET"]}}],"collection":[{"href":"http:\/\/bip.teatr-gorzow.pl\/index.php\/wp-json\/wp\/v2\/pages"}],"about":[{"href":"http:\/\/bip.teatr-gorzow.pl\/index.php\/wp-json\/wp\/v2\/types\/page"}],"author":[{"embeddable":true,"href":"http:\/\/bip.teatr-gorzow.pl\/index.php\/wp-json\/wp\/v2\/users\/2"}],"replies":[{"embeddable":true,"href":"http:\/\/bip.teatr-gorzow.pl\/index.php\/wp-json\/wp\/v2\/comments?post=194"}],"version-history":[{"count":32,"href":"http:\/\/bip.teatr-gorzow.pl\/index.php\/wp-json\/wp\/v2\/pages\/194\/revisions"}],"predecessor-version":[{"id":303,"href":"http:\/\/bip.teatr-gorzow.pl\/index.php\/wp-json\/wp\/v2\/pages\/194\/revisions\/303"}],"up":[{"embeddable":true,"href":"http:\/\/bip.teatr-gorzow.pl\/index.php\/wp-json\/wp\/v2\/pages\/103"}],"wp:attachment":[{"href":"http:\/\/bip.teatr-gorzow.pl\/index.php\/wp-json\/wp\/v2\/media?parent=194"}],"curies":[{"name":"wp","href":"https:\/\/api.w.org\/{rel}","templated":true}]}}