{"id":170,"date":"2011-07-08T09:09:35","date_gmt":"2011-07-08T07:09:35","guid":{"rendered":"http:\/\/www.teatr-gorzow.pl\/bip\/?page_id=170"},"modified":"2011-07-09T22:57:54","modified_gmt":"2011-07-09T20:57:54","slug":"ksiegowy","status":"publish","type":"page","link":"http:\/\/bip.teatr-gorzow.pl\/index.php\/wladze-i-struktura\/ksiegowy","title":{"rendered":"G\u0142\u00f3wny ksi\u0119gowy"},"content":{"rendered":"<p><strong>G\u0141\u00d3WNA KSI\u0118GOWA<br \/>\n<\/strong>Anna Jankowska<br \/>\nTel. 95 728 99 32<\/p>\n<p>e-mail : <a href=\"mailto:ksiegowosc@teatr-gorzow.pl\">ksiegowosc@teatr-gorzow.pl<\/a><\/p>\n","protected":false},"excerpt":{"rendered":"<p>G\u0141\u00d3WNA KSI\u0118GOWA Anna Jankowska Tel. 95 728 99 32 e-mail : ksiegowosc@teatr-gorzow.pl<\/p>\n","protected":false},"author":2,"featured_media":0,"parent":165,"menu_order":2,"comment_status":"closed","ping_status":"closed","template":"","meta":{"footnotes":""},"class_list":["post-170","page","type-page","status-publish","hentry"],"publishpress_future_action":{"enabled":false,"date":"2026-04-25 19:49:09","action":"change-status","newStatus":"draft","terms":[],"taxonomy":""},"publishpress_future_workflow_manual_trigger":{"enabledWorkflows":[]},"_links":{"self":[{"href":"http:\/\/bip.teatr-gorzow.pl\/index.php\/wp-json\/wp\/v2\/pages\/170","targetHints":{"allow":["GET"]}}],"collection":[{"href":"http:\/\/bip.teatr-gorzow.pl\/index.php\/wp-json\/wp\/v2\/pages"}],"about":[{"href":"http:\/\/bip.teatr-gorzow.pl\/index.php\/wp-json\/wp\/v2\/types\/page"}],"author":[{"embeddable":true,"href":"http:\/\/bip.teatr-gorzow.pl\/index.php\/wp-json\/wp\/v2\/users\/2"}],"replies":[{"embeddable":true,"href":"http:\/\/bip.teatr-gorzow.pl\/index.php\/wp-json\/wp\/v2\/comments?post=170"}],"version-history":[{"count":6,"href":"http:\/\/bip.teatr-gorzow.pl\/index.php\/wp-json\/wp\/v2\/pages\/170\/revisions"}],"predecessor-version":[{"id":195,"href":"http:\/\/bip.teatr-gorzow.pl\/index.php\/wp-json\/wp\/v2\/pages\/170\/revisions\/195"}],"up":[{"embeddable":true,"href":"http:\/\/bip.teatr-gorzow.pl\/index.php\/wp-json\/wp\/v2\/pages\/165"}],"wp:attachment":[{"href":"http:\/\/bip.teatr-gorzow.pl\/index.php\/wp-json\/wp\/v2\/media?parent=170"}],"curies":[{"name":"wp","href":"https:\/\/api.w.org\/{rel}","templated":true}]}}