{"id":165,"date":"2011-07-08T09:06:59","date_gmt":"2011-07-08T07:06:59","guid":{"rendered":"http:\/\/www.teatr-gorzow.pl\/bip\/?page_id=165"},"modified":"2026-03-04T14:44:20","modified_gmt":"2026-03-04T13:44:20","slug":"wladze-i-struktura","status":"publish","type":"page","link":"http:\/\/bip.teatr-gorzow.pl\/index.php\/wladze-i-struktura","title":{"rendered":"W\u0142adze i struktura"},"content":{"rendered":"<ul>\n<li><a title=\"Dyrektor\" href=\"https:\/\/bip.teatr-gorzow.pl\/index.php\/wladze-i-struktura\/dyrektor\">Dyrektor naczelny i artystyczny<\/a><\/li>\n<li><a title=\"Ksi\u0119gowy\" href=\"https:\/\/bip.teatr-gorzow.pl\/index.php\/wladze-i-struktura\/ksiegowy\">G\u0142\u00f3wny ksi\u0119gowy<\/a><\/li>\n<li><a title=\"Struktura organizacyjna\" href=\"https:\/\/bip.teatr-gorzow.pl\/index.php\/wladze-i-struktura\/struktura-organizacyjna\">Struktura organizacyjna<\/a><\/li>\n<\/ul>\n","protected":false},"excerpt":{"rendered":"<p>Dyrektor naczelny i artystyczny G\u0142\u00f3wny ksi\u0119gowy Struktura organizacyjna<\/p>\n","protected":false},"author":2,"featured_media":0,"parent":0,"menu_order":2,"comment_status":"closed","ping_status":"closed","template":"","meta":{"footnotes":""},"class_list":["post-165","page","type-page","status-publish","hentry"],"publishpress_future_action":{"enabled":false,"date":"2026-04-25 19:49:40","action":"change-status","newStatus":"draft","terms":[],"taxonomy":""},"publishpress_future_workflow_manual_trigger":{"enabledWorkflows":[]},"_links":{"self":[{"href":"http:\/\/bip.teatr-gorzow.pl\/index.php\/wp-json\/wp\/v2\/pages\/165","targetHints":{"allow":["GET"]}}],"collection":[{"href":"http:\/\/bip.teatr-gorzow.pl\/index.php\/wp-json\/wp\/v2\/pages"}],"about":[{"href":"http:\/\/bip.teatr-gorzow.pl\/index.php\/wp-json\/wp\/v2\/types\/page"}],"author":[{"embeddable":true,"href":"http:\/\/bip.teatr-gorzow.pl\/index.php\/wp-json\/wp\/v2\/users\/2"}],"replies":[{"embeddable":true,"href":"http:\/\/bip.teatr-gorzow.pl\/index.php\/wp-json\/wp\/v2\/comments?post=165"}],"version-history":[{"count":9,"href":"http:\/\/bip.teatr-gorzow.pl\/index.php\/wp-json\/wp\/v2\/pages\/165\/revisions"}],"predecessor-version":[{"id":4254,"href":"http:\/\/bip.teatr-gorzow.pl\/index.php\/wp-json\/wp\/v2\/pages\/165\/revisions\/4254"}],"wp:attachment":[{"href":"http:\/\/bip.teatr-gorzow.pl\/index.php\/wp-json\/wp\/v2\/media?parent=165"}],"curies":[{"name":"wp","href":"https:\/\/api.w.org\/{rel}","templated":true}]}}