{"id":14,"date":"2011-07-07T18:14:41","date_gmt":"2011-07-07T16:14:41","guid":{"rendered":"http:\/\/www.teatr-gorzow.pl\/bip\/?page_id=14"},"modified":"2024-10-03T13:01:15","modified_gmt":"2024-10-03T11:01:15","slug":"statut","status":"publish","type":"page","link":"http:\/\/bip.teatr-gorzow.pl\/index.php\/oficjalne-dokumenty\/statut","title":{"rendered":"Statut"},"content":{"rendered":"<p style=\"text-align: center;\"><strong>STATUT<\/strong><\/p>\n<p style=\"text-align: center;\"><strong>Teatru im. Juliusza Osterwy w Gorzowie Wielkopolskim<\/strong><\/p>\n<p style=\"text-align: center;\"><strong>Rozdzia\u0142 l<\/strong><\/p>\n<p style=\"text-align: center;\"><strong>POSTANOWIENIA OG\u00d3LNE <\/strong><\/p>\n<p style=\"text-align: center;\"><strong>\u00a7<\/strong><strong>1.<\/strong><\/p>\n<p>Teatr im. Juliusza Osterwy w Gorzowie Wlkp., zwany dalej \u201eTeatrem\u201d, jest wojew\u00f3dzk\u0105 samorz\u0105dow\u0105 artystyczn\u0105 instytucj\u0105 kultury dzia\u0142aj\u0105c\u0105 na podstawie:<\/p>\n<p>1\/\u00a0 ustawy z dnia 25 pa\u017adziernika 1991 r. o organizowaniu i prowadzeniu dzia\u0142alno\u015bci kulturalnej (Dz. U. z 2020 r. poz. 194) zwanej dalej ustaw\u0105,<\/p>\n<p>2\/\u00a0 postanowie\u0144 niniejszego Statutu.<\/p>\n<p style=\"text-align: center;\"><strong>\u00a72.<\/strong><\/p>\n<p>Teatr wpisany jest do Rejestru Instytucji Kultury Wojew\u00f3dztwa Lubuskiego pod poz. 8 w dniu 21\u00a0stycznia 1999 r. i posiada osobowo\u015b\u0107 prawn\u0105 z mocy art. 14 ust. 1 Ustawy.<\/p>\n<p style=\"text-align: center;\"><strong>\u00a73.<\/strong><\/p>\n<ol>\n<li>Siedzib\u0105 Teatru jest miasto Gorz\u00f3w Wlkp., a g\u0142\u00f3wnym terenem dzia\u0142ania wojew\u00f3dztwo lubuskie.<\/li>\n<li>W celu pe\u0142nej realizacji zada\u0144 statutowych Teatr mo\u017ce prowadzi\u0107 dzia\u0142alno\u015b\u0107 na ca\u0142ym obszarze Rzeczypospolitej Polskiej i poza jej granicami.<\/li>\n<\/ol>\n<p style=\"text-align: center;\"><strong>\u00a7<\/strong><strong>4.<\/strong><\/p>\n<p>Bezpo\u015bredni nadz\u00f3r nad Teatrem sprawuje Zarz\u0105d Wojew\u00f3dztwa Lubuskiego.<\/p>\n<p style=\"text-align: center;\"><strong>Rozdzia\u0142 II<\/strong><\/p>\n<p style=\"text-align: center;\"><strong>CELE I ZADANIA<\/strong><\/p>\n<p style=\"text-align: center;\"><strong>\u00a75.<\/strong><\/p>\n<p>Celem dzia\u0142ania Teatru jest prowadzenie &#8211; z udzia\u0142em tw\u00f3rc\u00f3w i wykonawc\u00f3w posiadaj\u0105cych odpowiednie kwalifikacje zawodowe &#8211; dzia\u0142alno\u015bci artystycznej w dziedzinie sztuki teatralnej.<\/p>\n<p style=\"text-align: center;\"><strong>\u00a76.<\/strong><\/p>\n<ol>\n<li>Podstawowym zadaniem Teatru jest zaspokajanie potrzeb i aspiracji kulturalnych spo\u0142ecze\u0144stwa, umo\u017cliwianie wszechstronnego rozwoju osobowo\u015bci, kszta\u0142towanie postaw i zasad wsp\u00f3\u0142\u017cycia spo\u0142ecznego oraz godne reprezentowanie kultury polskiej za granic\u0105.<\/li>\n<li>Do zada\u0144 Teatru nale\u017cy w szczeg\u00f3lno\u015bci:<\/li>\n<\/ol>\n<p>1\/\u00a0 kszta\u0142towanie, prezentacja i upowszechnianie historycznego i wsp\u00f3\u0142czesnego dorobku kultury narodowej i \u015bwiatowej,<\/p>\n<p>2\/\u00a0 rozwijanie, kultywowanie oraz upowszechnianie tradycji narodowych i regionalnych oraz ochrona dziedzictwa kulturowego,<\/p>\n<p>3\/\u00a0 edukacja kulturalna i wychowanie przez sztuk\u0119, zw\u0142aszcza przygotowanie dzieci i m\u0142odzie\u017cy do roli przysz\u0142ych wsp\u00f3\u0142tw\u00f3rc\u00f3w i odbiorc\u00f3w kultury,<\/p>\n<p>4\/\u00a0 tworzenie warunk\u00f3w sprzyjaj\u0105cych rozwojowi tw\u00f3rczo\u015bci i talent\u00f3w tw\u00f3rczych,<\/p>\n<p>5\/\u00a0 organizowanie imprez i akcji kulturalnych, ze szczeg\u00f3lnym uwzgl\u0119dnieniem form teatralnych i\u00a0parateatralnych,<\/p>\n<p>6\/\u00a0 prowadzenie wsp\u00f3\u0142pracy i wymiany kulturalnej z partnerami zagranicznymi, udzia\u0142 w organizacji mi\u0119dzynarodowych imprez kulturalnych s\u0142u\u017c\u0105cych poznawaniu i zbli\u017caniu kultur r\u00f3\u017cnych narod\u00f3w,<\/p>\n<p>7\/\u00a0 prowadzenie dzia\u0142alno\u015bci wydawniczej i informacyjnej w zakresie sztuki teatralnej.<\/p>\n<ol start=\"3\">\n<li>Przy wykonywaniu zada\u0144, o kt\u00f3rych mowa w ust. 1 i 2 Teatr mo\u017ce prowadzi\u0107 dzia\u0142alno\u015b\u0107 szkoleniow\u0105 i wystawiennicz\u0105.<\/li>\n<li>Teatr mo\u017ce prowadzi\u0107, jako dodatkow\u0105, dzia\u0142alno\u015b\u0107 odp\u0142atn\u0105 wed\u0142ug zasad okre\u015blonych w\u00a0obowi\u0105zuj\u0105cych przepisach, o ile dzia\u0142alno\u015b\u0107 ta nie spowoduje ograniczenia realizacji podstawowych cel\u00f3w i zada\u0144 Teatru.<\/li>\n<li>Dzia\u0142alno\u015b\u0107 okre\u015blona w ust. 4 mo\u017ce by\u0107 prowadzona w zakresie:<\/li>\n<\/ol>\n<p>1\/\u00a0 najmu, dzier\u017cawy i innych form u\u017cytkowania posiadanego maj\u0105tku,<\/p>\n<p>2\/\u00a0 handlu z zakresu swojej dzia\u0142alno\u015bci,<\/p>\n<p>3\/\u00a0 reklamy i gastronomii.<\/p>\n<ol start=\"6\">\n<li>Doch\u00f3d z prowadzonej dzia\u0142alno\u015bci dodatkowej, o kt\u00f3rej mowa w ust. 5, przeznacza si\u0119 wy\u0142\u0105cznie na realizacj\u0119 podstawowych cel\u00f3w i zada\u0144 Teatru.<\/li>\n<\/ol>\n<p style=\"text-align: center;\"><strong>Rozdzia\u0142 III<\/strong><\/p>\n<p style=\"text-align: center;\"><strong>ZARZ\u0104DZANIE I ORGANIZACJA<\/strong><\/p>\n<p style=\"text-align: center;\"><strong>\u00a77.<\/strong><\/p>\n<ol>\n<li>Teatr zarz\u0105dzany jest przez dyrektora, kt\u00f3rego powo\u0142uje i odwo\u0142uje Zarz\u0105d Wojew\u00f3dztwa Lubuskiego na zasadach i w trybie przewidzianym w obowi\u0105zuj\u0105cych przepisach.<\/li>\n<li>Dyrektor mo\u017ce jednocze\u015bnie pe\u0142ni\u0107 funkcje dyrektora artystycznego.<\/li>\n<li>Dyrektor kieruje Teatrem przy pomocy zast\u0119pcy dyrektora.<\/li>\n<li>Zast\u0119pc\u0119 dyrektora powo\u0142uje i odwo\u0142uje Dyrektor po zasi\u0119gni\u0119ciu opinii Zarz\u0105du Wojew\u00f3dztwa Lubuskiego, z zachowaniem zasad i\u00a0trybu okre\u015blonego w\u00a0obowi\u0105zuj\u0105cych przepisach.<\/li>\n<\/ol>\n<p style=\"text-align: center;\"><strong>\u00a78.<\/strong><\/p>\n<p>Dyrektor samodzielnie podejmuje decyzje, organizuje prac\u0119 Teatru odpowiada za ca\u0142okszta\u0142t jego dzia\u0142alno\u015bci, a w szczeg\u00f3lno\u015bci:<\/p>\n<p>1\/\u00a0 ustala regulamin organizacyjny,<\/p>\n<p>2\/\u00a0 ustala programy dzia\u0142ania i plany pracy,<\/p>\n<p>3\/\u00a0 ustala plany finansowe,<\/p>\n<p>4\/\u00a0 ustala regulamin zak\u0142adowy wynagradzania pracownik\u00f3w w uzgodnieniu z zak\u0142adowymi organizacjami zwi\u0105zkowymi,<\/p>\n<p>5\/\u00a0 kieruje bie\u017c\u0105c\u0105 dzia\u0142alno\u015bci\u0105 statutow\u0105 i organizacyjn\u0105,<\/p>\n<p>6\/\u00a0 reprezentuje Teatr na zewn\u0105trz,<\/p>\n<p>7\/\u00a0 przedk\u0142ada organowi nadzoru plany rzeczowo &#8211; finansowe, sprawozdania i wnioski,<\/p>\n<p>8\/\u00a0 zatrudnia i zwalnia pracownik\u00f3w oraz bezpo\u015brednio kieruje personelem,<\/p>\n<p>9\/\u00a0 organizuje kontrol\u0119 zarz\u0105dcz\u0105 i nadzoruje prawid\u0142owo\u015b\u0107 realizacji zada\u0144.<\/p>\n<p style=\"text-align: center;\"><strong>\u00a79.<\/strong><\/p>\n<p>Organizacj\u0119 wewn\u0119trzn\u0105 Teatru okre\u015bla regulamin organizacyjny nadawany przez Dyrektora, po zasi\u0119gni\u0119ciu opinii Zarz\u0105du Wojew\u00f3dztwa Lubuskiego oraz dzia\u0142aj\u0105cych w Teatrze organizacji zwi\u0105zkowych i stowarzysze\u0144 tw\u00f3rc\u00f3w.<\/p>\n<p style=\"text-align: center;\"><strong>\u00a710.<\/strong><\/p>\n<ol>\n<li>Organem doradczym Teatru mo\u017ce by\u0107 Rada Artystyczna, zwana dalej Rad\u0105.<\/li>\n<li>Rad\u0119 powo\u0142uje Dyrektor, po zasi\u0119gni\u0119ciu opinii Zarz\u0105du Wojew\u00f3dztwa Lubuskiego.<\/li>\n<li>Zasady, tryb dzia\u0142ania oraz ilo\u015b\u0107 cz\u0142onk\u00f3w Rady ustala Dyrektor w regulaminie Rady.<\/li>\n<\/ol>\n<p style=\"text-align: center;\"><strong>Rozdzia\u0142 IV.<\/strong><\/p>\n<p style=\"text-align: center;\"><strong>MAJ\u0104TEK I FINANSE<\/strong><\/p>\n<p style=\"text-align: center;\"><strong>\u00a711.<\/strong><\/p>\n<p>Teatr gospodaruje samodzielnie przydzielonym i nabytym maj\u0105tkiem oraz prowadzi samodzieln\u0105 gospodark\u0119 w ramach posiadanych \u015brodk\u00f3w, kieruj\u0105c si\u0119 zasadami gospodarno\u015bci i efektywno\u015bci ich wykorzystania.<\/p>\n<p style=\"text-align: center;\"><strong>\u00a712.<\/strong><\/p>\n<ol>\n<li>Teatr prowadzi gospodark\u0119 finansow\u0105 na zasadach okre\u015blonych w ustawie.<\/li>\n<li>Podstaw\u0105 gospodarki finansowej Teatru jest roczny plan finansowy ustalony przez Dyrektora, z zachowaniem wysoko\u015bci dotacji organizator<\/li>\n<\/ol>\n<p style=\"text-align: center;\"><strong>\u00a713.<\/strong><\/p>\n<ol>\n<li>Teatr pokrywa koszty bie\u017c\u0105cej dzia\u0142alno\u015bci i zobowi\u0105zania z uzyskiwanych przychod\u00f3w.<\/li>\n<li>Teatr posiada nast\u0119puj\u0105ce \u017ar\u00f3d\u0142a finansowania:<\/li>\n<\/ol>\n<p>1\/\u00a0 \u015brodki uzyskiwane z prowadzonej dzia\u0142alno\u015bci, w tym z dzia\u0142alno\u015bci dodatkowej, o kt\u00f3rej mowa w\u00a0\u00a7 6 ust. 4 i 5 Statutu,<\/p>\n<p>2\/\u00a0 dotacje z bud\u017cetu Wojew\u00f3dztwa Lubuskiego,<\/p>\n<p>3\/\u00a0 \u015brodki otrzymane od os\u00f3b fizycznych i prawnych oraz z innych \u017ar\u00f3de\u0142.<\/p>\n<p style=\"text-align: center;\"><strong>\u00a714.<\/strong><\/p>\n<p>Teatr mo\u017ce zbywa\u0107 \u015brodki trwa\u0142e z odpowiednim zastosowaniem zasad okre\u015blonych dla przedsi\u0119biorstw pa\u0144stwowych.<\/p>\n<p style=\"text-align: center;\"><strong>\u00a715.<\/strong><\/p>\n<ol>\n<li>Teatr prowadzi rachunkowo\u015b\u0107 wed\u0142ug zasad okre\u015blonych w odr\u0119bnych przepisach o rachunkowo\u015bci.<\/li>\n<li>Roczne sprawozdanie finansowe Teatru podlega zatwierdzeniu przez Zarz\u0105d Wojew\u00f3dztwa Lubuskiego.<\/li>\n<li>Wyboru audytora przeprowadzaj\u0105cego badanie rocznych sprawozda\u0144 finansowych dokonuje Skarbnik Wojew\u00f3dztwa Lubuskiego.<\/li>\n<li>Rokiem obrotowym jest rok kalendarzowy.<\/li>\n<\/ol>\n<p style=\"text-align: center;\"><strong>\u00a716.<\/strong><\/p>\n<ol>\n<li>Do sk\u0142adania w imieniu Teatru o\u015bwiadcze\u0144 w zakresie jego praw i obowi\u0105zk\u00f3w maj\u0105tkowych wymagane jest wsp\u00f3\u0142dzia\u0142anie Dyrektora i g\u0142\u00f3wnego ksi\u0119gowego lub os\u00f3b przez nich upowa\u017cnionych.<\/li>\n<li>W przypadku przyznawania Dyrektorowi dodatkowego wynagrodzenia, o kt\u00f3rym mowa w art. 31a Ustawy lub innych \u015bwiadcze\u0144 zwi\u0105zanych ze stosunkiem pracy, do dokonywania tych czynno\u015bci prawnych uprawnieni s\u0105: Zast\u0119pca Dyrektora lub g\u0142\u00f3wny ksi\u0119gowy.<\/li>\n<\/ol>\n<p style=\"text-align: center;\"><strong>\u00a717. <\/strong><\/p>\n<ol>\n<li>Do dokonywania czynno\u015bci prawnych w imieniu Teatru, w tym do sk\u0142adania o\u015bwiadcze\u0144 woli w\u00a0zakresie jego praw i zobowi\u0105za\u0144 maj\u0105tkowych, uprawniony jest Dyrektor.<\/li>\n<li>Dyrektor mo\u017ce ustanawia\u0107 pe\u0142nomocnik\u00f3w do dokonywania czynno\u015bci prawnych w imieniu Teatru, okre\u015blaj\u0105c zakres pe\u0142nomocnictwa.<\/li>\n<li>Udzielenie i odwo\u0142anie pe\u0142nomocnictwa podlega ujawnieniu w rejestrze instytucji kultury prowadzonym przez Organizatora, za wyj\u0105tkiem pe\u0142nomocnictw procesowych.<\/li>\n<\/ol>\n<p style=\"text-align: center;\"><strong>Rozdzia\u0142 V.<\/strong><\/p>\n<p style=\"text-align: center;\"><strong>POSTANOWIENIA KO\u0143COWE<\/strong><\/p>\n<p style=\"text-align: center;\"><strong>\u00a718.<\/strong><\/p>\n<p>Statut nadaje Teatrowi w\u0142a\u015bciwy organ Wojew\u00f3dztwa Lubuskiego.<\/p>\n<p style=\"text-align: center;\"><strong>\u00a719.<\/strong><\/p>\n<p>Zmiany Statutu mog\u0105 by\u0107 dokonywane w trybie okre\u015blonym do jego nadania.<\/p>\n<p style=\"text-align: center;\"><strong>\u00a720.<\/strong><\/p>\n<p>Przekszta\u0142cenie, po\u0142\u0105czenie, podzia\u0142 lub likwidacja Teatru nast\u0119puje na zasadach i w trybie przewidzianym w Ustawie i w innych obowi\u0105zuj\u0105cych przepisach.<\/p>\n","protected":false},"excerpt":{"rendered":"<p>STATUT Teatru im. Juliusza Osterwy w Gorzowie Wielkopolskim Rozdzia\u0142 l POSTANOWIENIA OG\u00d3LNE \u00a71. Teatr im. Juliusza Osterwy w Gorzowie Wlkp., zwany dalej \u201eTeatrem\u201d, jest wojew\u00f3dzk\u0105 samorz\u0105dow\u0105 artystyczn\u0105 instytucj\u0105 kultury dzia\u0142aj\u0105c\u0105 na podstawie: 1\/\u00a0 ustawy z dnia 25 pa\u017adziernika 1991 r. &hellip; <a href=\"http:\/\/bip.teatr-gorzow.pl\/index.php\/oficjalne-dokumenty\/statut\">Czytaj dalej <span class=\"meta-nav\">&rarr;<\/span><\/a><\/p>\n","protected":false},"author":2,"featured_media":0,"parent":103,"menu_order":1,"comment_status":"closed","ping_status":"closed","template":"","meta":{"footnotes":""},"class_list":["post-14","page","type-page","status-publish","hentry"],"publishpress_future_action":{"enabled":false,"date":"2026-04-25 19:04:31","action":"change-status","newStatus":"draft","terms":[],"taxonomy":""},"publishpress_future_workflow_manual_trigger":{"enabledWorkflows":[]},"_links":{"self":[{"href":"http:\/\/bip.teatr-gorzow.pl\/index.php\/wp-json\/wp\/v2\/pages\/14","targetHints":{"allow":["GET"]}}],"collection":[{"href":"http:\/\/bip.teatr-gorzow.pl\/index.php\/wp-json\/wp\/v2\/pages"}],"about":[{"href":"http:\/\/bip.teatr-gorzow.pl\/index.php\/wp-json\/wp\/v2\/types\/page"}],"author":[{"embeddable":true,"href":"http:\/\/bip.teatr-gorzow.pl\/index.php\/wp-json\/wp\/v2\/users\/2"}],"replies":[{"embeddable":true,"href":"http:\/\/bip.teatr-gorzow.pl\/index.php\/wp-json\/wp\/v2\/comments?post=14"}],"version-history":[{"count":14,"href":"http:\/\/bip.teatr-gorzow.pl\/index.php\/wp-json\/wp\/v2\/pages\/14\/revisions"}],"predecessor-version":[{"id":4088,"href":"http:\/\/bip.teatr-gorzow.pl\/index.php\/wp-json\/wp\/v2\/pages\/14\/revisions\/4088"}],"up":[{"embeddable":true,"href":"http:\/\/bip.teatr-gorzow.pl\/index.php\/wp-json\/wp\/v2\/pages\/103"}],"wp:attachment":[{"href":"http:\/\/bip.teatr-gorzow.pl\/index.php\/wp-json\/wp\/v2\/media?parent=14"}],"curies":[{"name":"wp","href":"https:\/\/api.w.org\/{rel}","templated":true}]}}